{"id":111,"date":"2016-02-22T17:51:27","date_gmt":"2016-02-22T17:51:27","guid":{"rendered":"http:\/\/yoga-r-aum.net\/?page_id=111"},"modified":"2025-10-08T08:40:07","modified_gmt":"2025-10-08T08:40:07","slug":"impressum","status":"publish","type":"page","link":"https:\/\/yoga-r-aum.net\/?page_id=111","title":{"rendered":"Impressum | Datenschutzerkl\u00e4rung | AGBs"},"content":{"rendered":"\n[et_pb_section fb_built=&#8220;1&#8243; custom_padding_last_edited=&#8220;on|desktop&#8220; admin_label=&#8220;section&#8220; _builder_version=&#8220;4.16&#8243; background_image=&#8220;https:\/\/yoga-r-aum.net\/wp-content\/uploads\/2016\/02\/HG_Yogaraum_1.jpg&#8220; custom_padding_tablet=&#8220;50px|0|50px|0&#8243; transparent_background=&#8220;off&#8220; padding_mobile=&#8220;off&#8220; make_fullwidth=&#8220;off&#8220; use_custom_width=&#8220;off&#8220; width_unit=&#8220;on&#8220; global_colors_info=&#8220;{}&#8220; custom_padding_phone=&#8220;50px|0|50px|0&#8243;][et_pb_row _builder_version=&#8220;4.16&#8243; background_size=&#8220;initial&#8220; background_position=&#8220;top_left&#8220; background_repeat=&#8220;repeat&#8220; global_colors_info=&#8220;{}&#8220;][et_pb_column type=&#8220;4_4&#8243; _builder_version=&#8220;4.16&#8243; custom_padding=&#8220;|||&#8220; global_colors_info=&#8220;{}&#8220; custom_padding__hover=&#8220;|||&#8220;][et_pb_text _builder_version=&#8220;4.16&#8243; background_size=&#8220;initial&#8220; background_position=&#8220;top_left&#8220; background_repeat=&#8220;repeat&#8220; border_style=&#8220;solid&#8220; global_colors_info=&#8220;{}&#8220;]<h2>Impressum und Datenschutzerkl\u00e4rung<\/h2>\r[\/et_pb_text][\/et_pb_column][\/et_pb_row][et_pb_row admin_label=&#8220;row&#8220; _builder_version=&#8220;4.16&#8243; background_size=&#8220;initial&#8220; background_position=&#8220;top_left&#8220; background_repeat=&#8220;repeat&#8220; global_colors_info=&#8220;{}&#8220; column_structure=&#8220;1_3,1_3,1_3&#8243;][et_pb_column type=&#8220;1_3&#8243; _builder_version=&#8220;4.16&#8243; custom_padding=&#8220;|||&#8220; global_colors_info=&#8220;{}&#8220; custom_padding__hover=&#8220;|||&#8220;][et_pb_text _builder_version=&#8220;4.16&#8243; background_size=&#8220;initial&#8220; background_position=&#8220;top_left&#8220; background_repeat=&#8220;repeat&#8220; use_border_color=&#8220;off&#8220; border_color=&#8220;#ffffff&#8220; border_style=&#8220;solid&#8220; global_colors_info=&#8220;{}&#8220;]<strong>Postanschrift:<\/strong>\r\nYogaraum\r\nObere Marktstra\u00dfe 57\r\n64711 Erbach\r\nTel: 06062 \/ 2659825\r\n\r\n<strong>mail:<\/strong> <a class=\"moz-txt-link-abbreviated\" href=\"mailto:meike@yoga-r-aum.net\">meike@yoga-r-aum.net<\/a>\r[\/et_pb_text][\/et_pb_column][et_pb_column type=&#8220;1_3&#8243; _builder_version=&#8220;4.16&#8243; custom_padding=&#8220;|||&#8220; global_colors_info=&#8220;{}&#8220; custom_padding__hover=&#8220;|||&#8220;][et_pb_text _builder_version=&#8220;4.16&#8243; background_size=&#8220;initial&#8220; background_position=&#8220;top_left&#8220; background_repeat=&#8220;repeat&#8220; use_border_color=&#8220;off&#8220; border_color=&#8220;#ffffff&#8220; border_style=&#8220;solid&#8220; global_colors_info=&#8220;{}&#8220;]<strong>Inh.:<\/strong> Meike Mayer\r\n<strong>Ust. ID Nr:<\/strong> 033 845 00403\r\n<strong>Kontoverbindung:<\/strong>\r\n<strong>Kontoinhaber:<\/strong> Meike Mayer Yoga-r-aum\r\n<strong>Kreditinstitut:<\/strong> Sparkasse Odenwaldkreis\r\n<strong>IBAN:<\/strong>DE59 5085 1952 0000 1143 89\r\n<strong>BIC:<\/strong> HELADEF1ERB\r[\/et_pb_text][\/et_pb_column][et_pb_column type=&#8220;1_3&#8243; _builder_version=&#8220;4.16&#8243; custom_padding=&#8220;|||&#8220; global_colors_info=&#8220;{}&#8220; custom_padding__hover=&#8220;|||&#8220;][\/et_pb_column][\/et_pb_row][et_pb_row _builder_version=&#8220;4.16&#8243; background_size=&#8220;initial&#8220; background_position=&#8220;top_left&#8220; background_repeat=&#8220;repeat&#8220; global_colors_info=&#8220;{}&#8220;][et_pb_column type=&#8220;4_4&#8243; _builder_version=&#8220;4.16&#8243; custom_padding=&#8220;|||&#8220; global_colors_info=&#8220;{}&#8220; custom_padding__hover=&#8220;|||&#8220;][et_pb_text _builder_version=&#8220;4.16&#8243; border_style=&#8220;solid&#8220; global_colors_info=&#8220;{}&#8220;]<p><strong>Datenschutzerkl\u00e4rung des Yogaraums Erbach<\/strong><\/p>\n<p><strong>Zu dieser Datenschutzerkl\u00e4rung<\/strong><\/p>\n<p>Der Schutz Deiner Privatsph\u00e4re ist uns ein wichtiges Anliegen. Deshalb m\u00f6chten wir Dich eindringlich<\/p>\n<p>bitten, die nachfolgende Datenschutzerkl\u00e4rung des Yogaraums aufmerksam zu lesen.<\/p>\n<p>&nbsp;<\/p>\n<p>Wir nehmen den Schutz Deiner pers\u00f6nlichen Daten sehr ernst. Wir behandeln Deine personenbezogenen Daten vertraulich und entsprechend der gesetzlichen Datenschutzvorschriften sowie dieser Datenschutzerkl\u00e4rung.<\/p>\n<p>Die hier aufgef\u00fchrte Datenschutzerkl\u00e4rung entspricht den Richtlinien der DSGVO und des BDSG. Sie soll \u00fcber die Art, den Zweck und die Verwendung personenbezogener Daten durch den Websitebetreiber <em>Meike Mayer <\/em>informieren.<\/p>\n<p>Gleichwohl unsere Seite mit verschieden Sicherheitsvorkehrungen ausgestattet ist, kann kein vollst\u00e4ndiger Schutz Deiner Daten gew\u00e4hrleistet werden, da Sicherheitsl\u00fccken im Internet nicht ausgeschlossen werden k\u00f6nnen. Ein l\u00fcckenloser Schutz der Daten vor dem Zugriff durch Dritte ist daher nicht m\u00f6glich. Solltest Du ein Anliegen bzgl. der Erhebung Deiner Daten haben, findest Du am Ende des Textes die entsprechenden Kontaktdaten unserer Ansprechpartner.<\/p>\n<p><strong>\u00a0<\/strong><\/p>\n<p><strong>Personenbezogene Daten<\/strong><\/p>\n<p><strong>Online erhobene Daten<\/strong><\/p>\n<p>Die Funktion und die Kommunikation unseres Services sind z.T. auf die Daten unserer Nutzer angewiesen.<\/p>\n<p>Dabei sind personenbezogene Daten besonders sensibel \u2013 damit sind alle Informationen gemeint, welche sich eindeutig auf eine bestimmte, nat\u00fcrliche Person zur\u00fcckf\u00fchren lassen. Laut DSGVO besteht f\u00fcr uns die Verpflichtung, den gesamten Umfang aller derartigen Daten aufzulisten.<\/p>\n<p>Durch die Nutzung unserer Seite werden folgende personenbezogene Daten nach DSGVO erhoben:<\/p>\n<p>Name (je nach Angabe Vor- und Zuname)<\/p>\n<ul>\n<li>E-Mail-Adresse<\/li>\n<li>Telefonnummer<\/li>\n<li>Adresse<\/li>\n<li>Geburtstag<\/li>\n<li>IP-Adresse<\/li>\n<\/ul>\n<p>Diese Daten fallen an, wenn Du folgende Funktionen benutzen:<\/p>\n<ul>\n<li>Kontaktfunktion<\/li>\n<li>Anmeldfunktion<\/li>\n<li>verbindliche Buchung eines Kurses bzw. Kauf eines Produktes<\/li>\n<li>Bestellung eines Gutscheins<\/li>\n<\/ul>\n<p>Wir versichern, dass diese Daten ausschlie\u00dflich dem Funktionieren, der statistischen Auswertung und der Verbesserung unseres Angebotes dienen.<\/p>\n<p><strong>\u00a0<\/strong><\/p>\n<p><strong>Vertragsdaten, die nicht online erhoben werden<\/strong><\/p>\n<p>Stellst Du eine Anfrage zur Kursbuchung au\u00dferhalb der Website und kommt es zum Abschluss eines<\/p>\n<p>Unterrichtsvertrages im Yogaraum, werden ebenfalls personenbezogene Daten erhoben. Ein<\/p>\n<p>Vertragsabschluss ist ohne die Verarbeitung Deiner personenbezogenen Daten nicht m\u00f6glich. Zudem<\/p>\n<p>werden Deine Daten zu Kontaktzwecken bei Terminverschiebungen oder Kursausfall ben\u00f6tigt. Der Vertrag erfolgt in diesem Fall schriftlich mit Deiner Unterschrift. Die auf dem Anmeldebogen zur Kursbuchung angegeben personenbezogenen Daten nach DSGVO sind folgende:<\/p>\n<ul>\n<li>Vor- und Zuname<\/li>\n<li>Anschrift<\/li>\n<li>Telefonnummer 1<\/li>\n<li>Telefonnummer 2<\/li>\n<li>E-Mail-Adresse<\/li>\n<li>evtl. Erziehungsberechtigter und Kontaktm\u00f6glichkeit<\/li>\n<\/ul>\n<p>Wir versichern, dass diese Daten ausschlie\u00dflich zu Vertrags- und Kontaktzwecken unsererseits bei<\/p>\n<p>Terminverschiebung oder -ausfall genutzt werden.<\/p>\n<p><strong>\u00a0<\/strong><\/p>\n<p><strong>Wie wir Daten erheben<\/strong><\/p>\n<p><strong>Vertragsdaten<\/strong><\/p>\n<p>Die von uns erhobenen personenbezogenen Daten werden von Dir entweder schriftlich auf dem<\/p>\n<p>Anmeldeformular zu einem Kurs im Yogaraum erhoben oder bei Online-Buchung \u00fcber die FitoGram App selbst erfasst. Diese Daten werden in einem fortlaufenden Verzeichnis an einem sicheren Ort mit Schutz vor Zugriff durch Dritte auf einem Server in Frankfurt\/Main gespeichert und ausschlie\u00dflich zur<\/p>\n<p>Vertragsschlie\u00dfung sowie zur Kontaktaufnahme bei Kursausfall oder Kursverschiebung verwendet.<\/p>\n<p>Hierbei erkl\u00e4rst Du Dich ausdr\u00fccklich einverstanden, dass die \u00fcblichen Kommunikationswege wie Festnetz, Mobilfunk, Briefpost, E-Mail, WhatsApp oder FacebookMassenger verwendet werden d\u00fcrfen. An dieser Stelle weisen wir nochmals darauf hin, dass kein vollst\u00e4ndiger Schutz Deiner Daten beim Nutzen der Online-Dienste gew\u00e4hrleistet werden kann, da Sicherheitsl\u00fccken im Internet nicht ausgeschlossen werden k\u00f6nnen. Ein l\u00fcckenloser Schutz der Daten vor dem Zugriff durch Dritte ist daher nicht m\u00f6glich. Laut geltenden Vorschriften werden diese Daten nur f\u00fcr die Zeit erhoben, wie Du unseren Service nutzt. Die gesetzlich geltenden L\u00f6schvorschriften werden eingehalten.<\/p>\n<p><strong>\u00a0<\/strong><\/p>\n<p><strong>Log-Dateien<\/strong><\/p>\n<p>Eine Logdatei wird im Zuge eines automatischen Protokolls des verarbeitenden Computersystems erstellt. Das bedeutet, dass Informationen Deines verwendeten Endger\u00e4tes als Logfiles auf einem Server festgehalten werden. Auch unser Seitenprovider f\u00fchrt und protokolliert dabei:<\/p>\n<ul>\n<li>Zugriff auf die Seite: Datum, Uhrzeit, H\u00e4ufigkeit<\/li>\n<li>Wie Du auf die Seite gelangt bist (vorherige Seite, Hyperlink etc.)<\/li>\n<li>Menge der gesendeten Daten<\/li>\n<li>Welchen Browser und welche Version desselben Du verwendest<\/li>\n<li>Deine IP-Adresse<\/li>\n<\/ul>\n<p>Auch hier dienen die erhobenen Daten lediglich der Verbesserung unseres Angebotes. Der Betreiber darf Server-Logfiles nur dann l\u00e4nger speichern, herausgeben oder nachtr\u00e4glich auf diese zugreifen, wenn dies im rechtlichen Rahmen gestattet ist (z.B. bei Verdacht auf rechtswidrige Aktivit\u00e4ten).<\/p>\n<p><strong>Cookies<\/strong><\/p>\n<p>Diese Webseite verwendet Cookies. Dies sind kleine Textdateien, welche in Deinem Browserverlauf<\/p>\n<p>platziert werden und durch welche bei Deinem n\u00e4chsten Besuch bereits get\u00e4tigte Einstellungen und<\/p>\n<p>andere \u00c4nderungen, welche Du vorgenommen hast, rekonstruiert werden. Durch Cookies k\u00f6nnen wir<\/p>\n<p>unseren Dienst personalisieren und benutzerfreundlicher gestalten.<\/p>\n<p>Du hast die M\u00f6glichkeit, das Setzen von Cookies zu blockieren und bereits gesetzte Cookies zu l\u00f6schen. In solch einem Fall m\u00fcssen wir Dich darauf hinweisen, dass bestimmte Features auf der Seite nicht mehr oder nur noch eingeschr\u00e4nkt funktionieren.<\/p>\n<p><strong>\u00a0<\/strong><\/p>\n<p><strong>Google Maps<\/strong><\/p>\n<p>Diese Webseite verwendet das Produkt Google Maps von Google Inc. Durch Nutzung dieser Webseite erkl\u00e4rst Du Dich mit der Erfassung, Bearbeitung und Nutzung der automatisiert erhobenen Daten durch Google Inc., deren Vertreter sowie Dritter einverstanden. die Nutzungsbedingungen von Google Maps finden Sie unter: https:\/\/www.google.com\/intl\/de\/policies\/privacy\/ .<\/p>\n<p><strong>\u00a0<\/strong><\/p>\n<p><strong>Social Bookmarks<\/strong><\/p>\n<p>Auf unserer Webseite bieten wir die M\u00f6glichkeit, \u00fcber externe Links Inhalte auf sozialen Netzwerken oder per Mail zu teilen. Benutzt Du diese, wirst Du auf die Seiten der Anbieter weiter geleitet und es werden entsprechende Nutzerinformationen weitergegeben.<\/p>\n<p>Wenn Du w\u00e4hrend der Benutzung unserer Seite auf einem dieser sozialen Netzwerke mit Deinem Konto angemeldet bist und unsere Inhalte teilen m\u00f6chtest, dann werden diese Informationen mit Deinem jeweiligen Konto verkn\u00fcpft. Wir als Betreiber haben keinen Einfluss auf die Daten, welche durch Plug-Ins an entsprechende Server vermittelt werden. In der Regel wird die IP-Adresse \u00fcbertragen. Weitere Informationen zum Umgang mit Deinem Daten entnimmst Du bitte der Datenschutzerkl\u00e4rung des jeweiligen Anbieters:<\/p>\n<ul>\n<li>Facebook: https:\/\/de-de.facebook.com\/policy.php<\/li>\n<li>Google+: https:\/\/www.google.com\/intl\/de\/policies\/privacy\/<\/li>\n<li>Hier finden Sie Informationen speziell zu den Schaltfl\u00e4chen:<\/li>\n<li>Facebook: https:\/\/developers.facebook.com\/docs\/plugins\/<\/li>\n<li>Google+: https:\/\/developers.google.com\/+\/web\/buttons-policy.<\/li>\n<\/ul>\n<p><strong>\u00a0<\/strong><\/p>\n<p><strong>Datenweitergabe an Dritte<\/strong><\/p>\n<p>Grunds\u00e4tzlich werden Deine Daten von uns nicht an Dritte vermittelt. Die erhobenen Daten werden in der fitogram PRO Software verwaltet. Hierzu verweisen wir explizit auf die unten angeh\u00e4ngte<\/p>\n<p>Datenschutzerkl\u00e4rung zur Nutzung von fotogram PRO. Au\u00dferdem stellen wir durch entsprechende<\/p>\n<p>Ma\u00dfnahmen und regelm\u00e4\u00dfige Kontrollen sicher, dass die von uns erhobenen Daten nicht durch Dritte von au\u00dfen eingesehen oder abgegriffen werden k\u00f6nnen.<\/p>\n<p><strong>\u00a0<\/strong><strong>Deine Rechte<\/strong><\/p>\n<p>Selbstverst\u00e4ndlich hast Du in Bezug auf die Erhebung Deiner Daten Rechte. Laut geltendem Gesetz sind wir dazu verpflichtet, Dich \u00fcber dieselben aufzukl\u00e4ren. Die Inanspruchnahme und Durchf\u00fchrung dieser Rechte ist f\u00fcr Dich kostenlos.<\/p>\n<p><strong>\u00a0<\/strong><\/p>\n<p><strong>Widerrufsrecht<\/strong><\/p>\n<p>Du hast das Recht, Deine Einwilligung bzgl. der Erhebung von Daten jederzeit zu widerrufen. Dieses Recht gilt mit Wirkung f\u00fcr die Zukunft; die bis zur Rechtskraft des Widerrufs erhobenen Daten bleiben hiervon unber\u00fchrt.<\/p>\n<p><strong>\u00a0<\/strong><\/p>\n<p><strong>Recht auf Daten\u00fcbertragbarkeit<\/strong><\/p>\n<p>Du hast das Recht, eine \u00dcbertragung Deiner Daten von uns auf eine andere Stelle zu beantragen.<\/p>\n<p><strong>\u00a0<\/strong><\/p>\n<p><strong>Recht auf Berechtigung, L\u00f6schung oder Sperrung<\/strong><\/p>\n<p>Du hast das Recht, Deine Daten berichtigen, l\u00f6schen oder sperren zu lassen. Letzteres kommt zur<\/p>\n<p>Anwendung, wenn die gesetzliche Lage eine L\u00f6schung nicht zul\u00e4sst.<\/p>\n<p><strong>\u00a0<\/strong><\/p>\n<p><strong>Beschwerderecht<\/strong><\/p>\n<p>Du hast das Recht, Dich bei einer Aufsichtsbeh\u00f6rde bzw. einer zust\u00e4ndigen Stelle zu beschweren, insofern Du einen Grund zur Beanstandung haben sollten. F\u00fcr die Inanspruchnahme dieses Rechts und der zwei vorher genannten wende Dich bitte an die am Ende dieser Datenschutzerkl\u00e4rung aufgef\u00fchrten Kontaktpersonen.<\/p>\n<p><strong>\u00a0<\/strong><\/p>\n<p><strong>Verantwortlich f\u00fcr die Datenerhebung<\/strong><\/p>\n<p>Die korrekte Umsetzung des Datenschutzes wird bei uns von Meike Mayer \u00fcbersehen. Wenn Du ein Anliegen hinsichtlich der Verarbeitung Deiner pers\u00f6nlichen Daten hast oder Du Fragen, Auskunftsersuche, Antr\u00e4ge, Beschwerden oder Kritik hinsichtlich unseres Datenschutzes hast, kannst Du Dich an folgende Stelle wenden:<\/p>\n<p>Frau<\/p>\n<p>Meike Mayer<\/p>\n<p>Obere Marktstra\u00dfe 57<\/p>\n<p>64711 Erbach<\/p>\n<p>Deutschland<\/p>\n<p><strong>\u00a0<\/strong><\/p>\n<p><strong>\u00c4nderung der Datenschutzerkl\u00e4rung<\/strong><\/p>\n<p>Wir als Verantwortliche behalten es uns vor, die Datenschutzerkl\u00e4rung jederzeit im Hinblick auf geltende Datenschutzvorschriften zu ver\u00e4ndern. Derzeitiger Stand ist November 2018.<\/p>\n<p><strong>\u00a0<\/strong><\/p>\n<p>&nbsp;<\/p>\n<p><strong>Copyright<\/strong><\/p>\n<p>Das Copyright f\u00fcr alle auf dieser Website ver\u00f6ffentlichten Inhalte liegt bei Meike Mayer. Ohne schriftliche Zustimmung d\u00fcrfen keine Inhalte dieser Website kopiert oder anderweitig verwendet werden<\/p>\n<p>&nbsp;<\/p>\n<p><strong>Allgemeine Gesch\u00e4ftsbedingungen <\/strong><\/p>\n<p>Allgemein<\/p>\n<p>Mit Unterzeichnung des Anmeldeformulars bzw. mit Online-Anmeldung zu einem Kurs des Yogaraums gelten die nachfolgenden Gesch\u00e4ftsbedingungen.<\/p>\n<p>&nbsp;<\/p>\n<p>Standort<\/p>\n<p>Alle Angebote (sofern nicht anders angegeben) finden statt im<\/p>\n<p>Yogaraum, Obere Markstra\u00dfe 57, 64711 Erbach.<\/p>\n<p>&nbsp;<\/p>\n<p>Anmeldungen, Bezahlung und Stornierungen von Yogastunden und Workshops<\/p>\n<p>Die Anmeldung erfolgt in schriftlicher Form, \u00fcber Homepage, per E-Mail, Fax oder auf dem Postweg. Mit Eingang der Anmeldung ist sie f\u00fcr den Interessenten verbindlich. Der Interessent erkl\u00e4rt sich mit der Speicherung seiner Daten, unter Ber\u00fccksichtigung des Bundesdatenschutzgesetzes, einverstanden. Wir verweisen ausdr\u00fccklich auf die Datenschutzerkl\u00e4rung des Yogaraums in diesem Zusammenhang.<\/p>\n<p>Vor Beginn des Kurses wird zwischen der\/dem Teilnehmer\/in und dem Yogaraum ein Unterrichtsvertrag geschlossen. Dies geschieht entweder per Anmeldeformular oder Online \u00fcber die Homepage bzw. Fitogramm App. Der Teilnehmer best\u00e4tigt mit Vertragsschluss die Kenntnisnahme und Zustimmung zu den AGBs und der Datenschutzerkl\u00e4rung.<\/p>\n<p>F\u00fcr \u201cOffene Stunden\u201d k\u00f6nnen Einzelkarten oder 10er-Karten erworben werden, deren Bezahlung sp\u00e4testens bei Aush\u00e4ndigung f\u00e4llig ist. F\u00fcr die jeweilige Unterrichtsstunde \u201eOffene Stunde\u201c ist keine Voranmeldungen n\u00f6tig, kann aber online auf der Homepage des Yogaraums erfolgen. 10er Karten f\u00fcr offene Stunden haben eine G\u00fcltigkeit von 4 Monaten ab Datum des Erwerbs bzw. des Kursbeginns, falls der Kurs erst in der Zukunft beginnt.<\/p>\n<p>Mit der Anmeldung zu einem geschlossenen Kurs bzw. Workshop ist ebenfalls unmittelbar die volle Kursgeb\u00fchr \u00fcber die angebotenen Zahlungsm\u00f6glichkeiten zu entrichten.<\/p>\n<p>Bis zu zwei vers\u00e4umte Kursstunden eines geschlossenen Kurses k\u00f6nnen nach Absprache mit Meike Mayer in einer offenen Stunde nachgeholt werden.<\/p>\n<p>Sollte der Teilnehmer doch nicht teilnehmen k\u00f6nnen, entsteht kein Anspruch auf R\u00fcckerstattung.<\/p>\n<p>Eine Verl\u00e4ngerung der G\u00fcltigkeitsdauer wegen Urlaub oder Krankheit ist grunds\u00e4tzlich nicht m\u00f6glich. Bei l\u00e4ngerer, schwerer Krankheit oder Verletzung mit vorliegendem Attest wird nach gemeinsamer Absprache entschieden.<\/p>\n<p>&nbsp;<\/p>\n<p>Preise<\/p>\n<p>Die zum Zeitpunkt der Kursanmeldung auf der Homepage ver\u00f6ffentlichten Preise haben G\u00fcltigkeit. Die Preistabelle inkl. Rabattsystem h\u00e4ngt in den R\u00e4umlichkeiten des Yogaraums \u00f6ffentlich aus. Wir behalten uns vor, Preis- und Programm\u00e4nderungen vorzunehmen. Diese \u00c4nderungen haben keinerlei Einfluss auf laufende Kurse oder Gutscheine.<\/p>\n<p>&nbsp;<\/p>\n<p>Teilnahmef\u00e4higkeit:<\/p>\n<p>Bei allen Kursen, offenen Stunden, Seminaren und Workshops ist Selbstverantwortlichkeit und normale psychische und physische Belastbarkeit vorausgesetzt. Wenn Du in psychotherapeutischer Behandlung bist, bespreche die Teilnahme bitte mit Deinem Therapeuten. Bei akuten k\u00f6rperlichen oder psychischen Problemen sollte vorher mit einem Arzt abgekl\u00e4rt werden, ob Yoga zu diesem Zeitpunkt sinnvoll ist.<\/p>\n<p>Informiere vor der Yogastunde deinen Yogalehrer \u00fcber akute Beschwerden tagesaktuell.<\/p>\n<p>&nbsp;<\/p>\n<p>Haftung<\/p>\n<p>Schadensersatzanspr\u00fcche sind ausgeschlossen, es sei denn, sie beruhen auf Vorsatz oder grober Fahrl\u00e4ssigkeit.<\/p>\n<p>&nbsp;<\/p>\n<p>Allgemeine Hinweise:<\/p>\n<p>Yogamatten, Decken, Kissen und sonstige Hilfsmittel zum Praktizieren von Yoga stehen im Yogaraum kostenlos zur Verf\u00fcgung. Es k\u00f6nnen jedoch gern auch eigene Yogamatten etc. mitgebracht werden.<\/p>\n<p>Bitte keine Getr\u00e4nke (au\u00dfer Wasser) mit in den Unterrichtsraum nehmen. Bitte w\u00e4hrend der Unterrichtsstunde nicht essen und bitte keine Nahrung mit in den Unterrichtsraum nehmen.<\/p>\n<p>Es wird empfohlen, zwei Stunden vor Unterrichtsbeginn nur leicht verdauliche Nahrung zu sich zu nehmen.<\/p>\n<p>Trage zur Yogastunde bequeme Kleidung.<\/p>\n<p>Bitte behalte deine Wertsachen bei dir. Wir \u00fcbernehmen keine Haftung f\u00fcr Wertgegenst\u00e4nde, Kleidung, etc. im Umkleideraum.<\/p>\n<p>Schalte bitte dein Handy aus, bevor du den Yogaraum betrittst.<\/p>\n<p>Lege Matten und Decken nach der Stunde wieder sorgf\u00e4ltig zur\u00fcck.<\/p>\n<p>&nbsp;<\/p>\n<p>Datenschutz<\/p>\n<p>Alle erfassten Daten der Teilnehmer werden streng vertraulich behandelt. Wir verweisen in diesem Zusammenhang auf die Datenschutzerkl\u00e4rung des Yogaraums.<\/p>\n<p>&nbsp;<\/p>\n<p>Urheber und Kennzeichenrecht<\/p>\n<p>Das Copyright f\u00fcr ver\u00f6ffentliche, von der Inhaberin selbst erstellte Objekte, bleibt bei der Inhaberin der ver\u00f6ffentlichten Objekte. Eine Vervielf\u00e4ltigung oder Verwendung solcher Grafiken und Texte ist ohne die Zustimmung der Inhaberin nicht gestattet.<\/p>\n<p>&nbsp;<\/p>\n<p>Schlussbestimmung\/Nebenabrede\/Gerichtsstand<\/p>\n<p>\u00c4nderungen und Erg\u00e4nzungen dieser AGBs, der Preise und s\u00e4mtlicher Angebotsvertr\u00e4ge sind jederzeit m\u00f6glich und bed\u00fcrfen der Schriftform.<\/p>\n<p>Die aktuellen AGB und Preise h\u00e4ngen im Yogaraum aus. M\u00fcndliche Nebenabreden werden nicht getroffen. Sollten eine oder mehrere Bestimmungen aller Angebotsvertr\u00e4ge oder dieser AGB unwirksam sein oder werden, so wird dadurch die Wirksamkeit der \u00fcbrigen Bestimmungen nicht ber\u00fchrt.<\/p>\n<p>F\u00fcr alle Rechtsbeziehungen ist das deutsche Recht anwendbar. Gerichtsstand ist Michelstadt.<\/p>\n<p>&nbsp;<\/p>[\/et_pb_text][\/et_pb_column][\/et_pb_row][\/et_pb_section]\n","protected":false},"excerpt":{"rendered":"<p>Impressum und Datenschutzerkl\u00e4rung Postanschrift: Yogaraum Obere Marktstra\u00dfe 57 64711 Erbach Tel: 06062 \/ 2659825 mail: meike@yoga-r-aum.net Inh.: Meike Mayer Ust. ID Nr: 033 845 00403 Kontoverbindung: Kontoinhaber: Meike Mayer Yoga-r-aum Kreditinstitut: Sparkasse Odenwaldkreis IBAN:DE59 5085 1952 0000 1143 89 BIC: HELADEF1ERB Datenschutzerkl\u00e4rung des Yogaraums Erbach Zu dieser Datenschutzerkl\u00e4rung Der Schutz Deiner Privatsph\u00e4re ist uns ein [&hellip;]<\/p>\n","protected":false},"author":1,"featured_media":0,"parent":37,"menu_order":10,"comment_status":"closed","ping_status":"closed","template":"","meta":{"_et_pb_use_builder":"on","_et_pb_old_content":"","_et_gb_content_width":""},"_links":{"self":[{"href":"https:\/\/yoga-r-aum.net\/index.php?rest_route=\/wp\/v2\/pages\/111"}],"collection":[{"href":"https:\/\/yoga-r-aum.net\/index.php?rest_route=\/wp\/v2\/pages"}],"about":[{"href":"https:\/\/yoga-r-aum.net\/index.php?rest_route=\/wp\/v2\/types\/page"}],"author":[{"embeddable":true,"href":"https:\/\/yoga-r-aum.net\/index.php?rest_route=\/wp\/v2\/users\/1"}],"replies":[{"embeddable":true,"href":"https:\/\/yoga-r-aum.net\/index.php?rest_route=%2Fwp%2Fv2%2Fcomments&post=111"}],"version-history":[{"count":26,"href":"https:\/\/yoga-r-aum.net\/index.php?rest_route=\/wp\/v2\/pages\/111\/revisions"}],"predecessor-version":[{"id":909,"href":"https:\/\/yoga-r-aum.net\/index.php?rest_route=\/wp\/v2\/pages\/111\/revisions\/909"}],"up":[{"embeddable":true,"href":"https:\/\/yoga-r-aum.net\/index.php?rest_route=\/wp\/v2\/pages\/37"}],"wp:attachment":[{"href":"https:\/\/yoga-r-aum.net\/index.php?rest_route=%2Fwp%2Fv2%2Fmedia&parent=111"}],"curies":[{"name":"wp","href":"https:\/\/api.w.org\/{rel}","templated":true}]}}